{"id":53,"date":"2024-11-04T20:50:07","date_gmt":"2024-11-05T01:50:07","guid":{"rendered":"https:\/\/nutrizapp.wordpress.com\/?page_id=4"},"modified":"2024-11-05T07:14:39","modified_gmt":"2024-11-05T07:14:39","slug":"home-2","status":"publish","type":"page","link":"https:\/\/nutrizapp.easwebserver.com\/","title":{"rendered":"Inicio"},"content":{"rendered":"\r\n<div class=\"wp-block-group alignfull is-layout-flow wp-container-core-group-is-layout-c32d2f95 wp-block-group-is-layout-flow\" style=\"padding-top: 0px; padding-bottom: 0px;\">\r\n<div class=\"wp-block-media-text alignfull has-media-on-the-right is-stacked-on-mobile is-image-fill-element\" style=\"grid-template-columns: auto 47%;\">\r\n<div class=\"wp-block-media-text__content\">\r\n<h2 id=\"contemporary-ceramics-handmade-in-australia\" class=\"wp-block-heading has-text-align-left has-domine-font-family\" style=\"font-size:clamp(29.303px, 1.831rem + ((1vw - 3.2px) * 2.26), 51px);\">La Nutrici\u00f3n Ideal para Cada Estudiante, Directo en WhatsApp<\/h2>\r\n\r\n\r\n\r\n<div class=\"wp-block-buttons is-layout-flex wp-block-buttons-is-layout-flex\" style=\"margin-top: 20px; margin-bottom: 20px;\">\r\n<div class=\"wp-block-button has-custom-font-size has-small-font-size\"><a class=\"wp-block-button__link wp-element-button\" style=\"border-radius: 100px; padding: 6px 36px 6px 36px;\" href=\"https:\/\/whatsapp.com\/channel\/0029VaklEWC8F2pGaL7TtU2h\">\u00danete Ahora<\/a><\/div>\r\n<\/div>\r\n<\/div>\r\n<figure class=\"wp-block-media-text__media\"><img decoding=\"async\" class=\"wp-image-12 size-full\" style=\"object-position: 50% 50%;\" src=\"https:\/\/nutrizapp.easwebserver.com\/wp-content\/uploads\/2024\/11\/sandwiches-y-bocadillos-almuerzo-escolar.jpg?w=1024\" alt=\"\" \/><\/figure>\r\n<\/div>\r\n\r\n\r\n\r\n<div class=\"wp-block-group alignfull has-background-color has-foreground-background-color has-text-color has-background has-global-padding is-layout-constrained wp-block-group-is-layout-constrained\" style=\"padding-top: 8vh; padding-bottom: 8vh;\">\u00a0<\/div>\r\n<\/div>\r\n\r\n\r\n\r\n<div class=\"wp-block-group alignwide is-layout-flow wp-container-core-group-is-layout-b2f77b0a wp-block-group-is-layout-flow\" style=\"padding-top: 8vh; padding-bottom: 8vh;\">\r\n<div class=\"wp-block-columns alignwide is-layout-flex wp-container-core-columns-is-layout-00723822 wp-block-columns-is-layout-flex\">\r\n<div class=\"wp-block-column is-layout-flow wp-block-column-is-layout-flow\" style=\"flex-basis: 100%;\">\r\n<h2 id=\"all-items-are-100-hand-made-using-the-potter-s-wheel-or-traditional-techniques-created-with-love-and-care-in-australia\" class=\"wp-block-heading has-x-large-font-size\" style=\"line-height: 1.3;\">Beneficios<\/h2>\r\n\r\n\r\n\r\n<p style=\"font-size:clamp(16.293px, 1.018rem + ((1vw - 3.2px) * 0.907), 25px); line-height: 1.65;\">Ofrece men\u00fas saludables personalizados seg\u00fan las preferencias y necesidades diet\u00e9ticas de los estudiantes, incluyendo aquellos con condiciones espec\u00edficas como anemia u obesidad. NutriZapp promueve h\u00e1bitos alimenticios conscientes mediante gamificaci\u00f3n, talleres educativos, y un sistema de recompensas.<\/p>\r\n\r\n\r\n\r\n<ul class=\"wp-block-list\" style=\"line-height: 2;\">\r\n<li style=\"font-size:clamp(0.875rem, 0.875rem + ((1vw - 0.2rem) * 0.542), 1.2rem);\"><strong>Men\u00fas Personalizados: <\/strong>Dise\u00f1ados seg\u00fan edad, preferencias, y necesidades espec\u00edficas. Cada estudiante recibe recomendaciones que pueden mejorar su salud y energ\u00eda.<\/li>\r\n\r\n\r\n\r\n<li style=\"font-size:clamp(0.875rem, 0.875rem + ((1vw - 0.2rem) * 0.542), 1.2rem);\"><strong>Gamificaci\u00f3n y Recompensas<\/strong>: Los estudiantes ganan puntos y recompensas por logros como completar un d\u00eda de alimentaci\u00f3n saludable. \u00a1Aprenden mientras se divierten!<\/li>\r\n\r\n\r\n\r\n<li style=\"font-size:clamp(0.875rem, 0.875rem + ((1vw - 0.2rem) * 0.542), 1.2rem);\"><strong>Talleres Educativos<\/strong>: Videos interactivos y talleres sobre nutrici\u00f3n, para fomentar h\u00e1bitos conscientes.<\/li>\r\n\r\n\r\n\r\n<li style=\"font-size:clamp(0.875rem, 0.875rem + ((1vw - 0.2rem) * 0.542), 1.2rem);\"><strong>Asesor\u00eda Profesional<\/strong>: Contamos con el respaldo de expertos en nutrici\u00f3n infantil para que padres y escuelas conf\u00eden en NutriZapp.<\/li>\r\n<\/ul>\r\n<\/div>\r\n<\/div>\r\n\r\n\r\n\r\n<figure class=\"wp-block-gallery has-nested-images columns-default is-cropped wp-block-gallery-1 is-layout-flex wp-block-gallery-is-layout-flex\">\r\n<figure class=\"wp-block-image aligncenter size-large has-custom-border is-style-default\"><img decoding=\"async\" data-id=\"17\" class=\"wp-image-17\" style=\"border-radius: 16px;\" src=\"https:\/\/nutrizapp.easwebserver.com\/wp-content\/uploads\/2024\/11\/comida-1.jpg?w=1024\" alt=\"\" \/><\/figure>\r\n<\/figure>\r\n\r\n\r\n\r\n<div class=\"wp-block-columns alignwide is-layout-flex wp-container-core-columns-is-layout-00723822 wp-block-columns-is-layout-flex\">\r\n<div class=\"wp-block-column is-layout-flow wp-block-column-is-layout-flow\" style=\"flex-basis: 100%;\">\r\n<p>&nbsp;<\/p>\r\n\r\n\r\n\r\n<p style=\"font-size:clamp(16.293px, 1.018rem + ((1vw - 3.2px) * 0.907), 25px);\">En NutriZapp, transformamos la nutrici\u00f3n en una experiencia personalizada y educativa para cada estudiante.<\/p>\r\n\r\n\r\n\r\n<h2 id=\"all-items-are-100-hand-made-using-the-potter-s-wheel-or-traditional-techniques-created-with-love-and-care-in-australia\" class=\"wp-block-heading has-x-large-font-size\" style=\"line-height: 1.3;\">C\u00f3mo Funciona?<\/h2>\r\n\r\n\r\n\r\n<p class=\"has-foreground-color has-text-color has-link-color wp-elements-b01e4d2990277069cdb10f2e2414595a\" style=\"font-size:clamp(16.293px, 1.018rem + ((1vw - 3.2px) * 0.907), 25px);\">Creamos un men\u00fa semanal con opciones de alimentos accesibles y nutritivos, ideal para las necesidades y el paladar de cada estudiante.<\/p>\r\n\r\n\r\n\r\n<p>&nbsp;<\/p>\r\n\r\n\r\n\r\n<h2 id=\"all-items-are-100-hand-made-using-the-potter-s-wheel-or-traditional-techniques-created-with-love-and-care-in-australia\" class=\"wp-block-heading has-text-align-left has-x-large-font-size\" style=\"line-height: 1.3;\">Asesor\u00eda y Soporte<\/h2>\r\n\r\n\r\n\r\n<p class=\"has-foreground-color has-text-color has-link-color wp-elements-9492b9eb3f435854299c126f4d0a579d\" style=\"font-size:clamp(16.293px, 1.018rem + ((1vw - 3.2px) * 0.907), 25px);\">Los estudiantes reciben consejos diarios y motivaci\u00f3n a trav\u00e9s de WhatsApp. Adem\u00e1s, ofrecemos talleres educativos y un sistema de recompensas para mantenerlos comprometidos.<\/p>\r\n\r\n\r\n\r\n<p>&nbsp;<\/p>\r\n\r\n\r\n\r\n<div class=\"wp-block-buttons is-content-justification-center is-layout-flex wp-container-core-buttons-is-layout-d9092f6c wp-block-buttons-is-layout-flex\" style=\"margin-top: 20px; margin-bottom: 20px;\">\r\n<div class=\"wp-block-button has-custom-font-size is-style-outline has-small-font-size is-style-outline--2\"><a class=\"wp-block-button__link wp-element-button\" href=\"simulaci\u00f3n\"style=\"border-radius: 100px; padding: 6px 36px 6px 36px;\" href=\"simulacion\">Simulaci\u00f3n<\/a><\/div>\r\n<\/div>\r\n<\/div>\r\n<\/div>\r\n\r\n\r\n\r\n<p>&nbsp;<\/p>\r\n\r\n\r\n\r\n<h2 id=\"these-plates-are-a-work-of-art-and-the-quality-is-outstanding-i-bought-one-set-as-a-gift-and-anoter-to-treat-myself-and-i-couldn-t-be-happier\" class=\"wp-block-heading has-text-align-center\" style=\"line-height: 1.3;\">Con NutriZapp, he visto una mejora en mis estudiantes. Tener recomendaciones f\u00e1ciles de seguir y men\u00fas variados ha hecho que la hora de la comida sea m\u00e1s ordenada y saludable en la escuela.<\/h2>\r\n\r\n\r\n\r\n<p class=\"has-text-align-center has-small-font-size\">&#8211; Andr\u00e9s B.<\/p>\r\n<\/div>\r\n","protected":false},"excerpt":{"rendered":"<p>La Nutrici\u00f3n Ideal para Cada Estudiante, Directo en WhatsApp \u00a0 Beneficios Ofrece men\u00fas saludables personalizados seg\u00fan las preferencias y necesidades diet\u00e9ticas de los estudiantes, incluyendo aquellos con condiciones espec\u00edficas como anemia u obesidad. NutriZapp promueve h\u00e1bitos alimenticios conscientes mediante gamificaci\u00f3n, talleres educativos, y un sistema de recompensas. &nbsp; En NutriZapp, transformamos la nutrici\u00f3n en una [&hellip;]<\/p>\n","protected":false},"author":2,"featured_media":0,"parent":0,"menu_order":0,"comment_status":"closed","ping_status":"closed","template":"","meta":{"footnotes":""},"class_list":["post-53","page","type-page","status-publish","hentry"],"_links":{"self":[{"href":"https:\/\/nutrizapp.easwebserver.com\/index.php\/wp-json\/wp\/v2\/pages\/53","targetHints":{"allow":["GET"]}}],"collection":[{"href":"https:\/\/nutrizapp.easwebserver.com\/index.php\/wp-json\/wp\/v2\/pages"}],"about":[{"href":"https:\/\/nutrizapp.easwebserver.com\/index.php\/wp-json\/wp\/v2\/types\/page"}],"author":[{"embeddable":true,"href":"https:\/\/nutrizapp.easwebserver.com\/index.php\/wp-json\/wp\/v2\/users\/2"}],"replies":[{"embeddable":true,"href":"https:\/\/nutrizapp.easwebserver.com\/index.php\/wp-json\/wp\/v2\/comments?post=53"}],"version-history":[{"count":4,"href":"https:\/\/nutrizapp.easwebserver.com\/index.php\/wp-json\/wp\/v2\/pages\/53\/revisions"}],"predecessor-version":[{"id":83,"href":"https:\/\/nutrizapp.easwebserver.com\/index.php\/wp-json\/wp\/v2\/pages\/53\/revisions\/83"}],"wp:attachment":[{"href":"https:\/\/nutrizapp.easwebserver.com\/index.php\/wp-json\/wp\/v2\/media?parent=53"}],"curies":[{"name":"wp","href":"https:\/\/api.w.org\/{rel}","templated":true}]}}